{"id":3,"date":"2018-07-28T18:03:59","date_gmt":"2018-07-28T18:03:59","guid":{"rendered":"http:\/\/viajandoconzu.com\/?page_id=3"},"modified":"2026-02-26T20:23:21","modified_gmt":"2026-02-26T20:23:21","slug":"alojamiento","status":"publish","type":"page","link":"https:\/\/viajandoconzu.com\/index.php\/alojamiento\/","title":{"rendered":"Alojamiento &#8211; Pudu Caba\u00f1a en el bosque"},"content":{"rendered":"\n<figure class=\"wp-block-image size-large\"><img loading=\"lazy\" width=\"1002\" height=\"477\" src=\"https:\/\/viajandoconzu.com\/wp-content\/uploads\/2025\/08\/WhatsApp-Image-2025-08-29-at-15.42.00-1.jpeg\" alt=\"\" class=\"wp-image-600\" srcset=\"https:\/\/viajandoconzu.com\/wp-content\/uploads\/2025\/08\/WhatsApp-Image-2025-08-29-at-15.42.00-1.jpeg 1002w, https:\/\/viajandoconzu.com\/wp-content\/uploads\/2025\/08\/WhatsApp-Image-2025-08-29-at-15.42.00-1-300x143.jpeg 300w, https:\/\/viajandoconzu.com\/wp-content\/uploads\/2025\/08\/WhatsApp-Image-2025-08-29-at-15.42.00-1-768x366.jpeg 768w, https:\/\/viajandoconzu.com\/wp-content\/uploads\/2025\/08\/WhatsApp-Image-2025-08-29-at-15.42.00-1-750x357.jpeg 750w\" sizes=\"(max-width: 1002px) 100vw, 1002px\" \/><\/figure>\n\n\n\n<p class=\"has-medium-font-size\"><span style=\"color: #000000;\">\u00bfViajas a Bariloche?<\/span><\/p>\n\n\n\n<p class=\"has-medium-font-size\"><span style=\"color: #000000;\">Tenemos una opcion para vos, la caba\u00f1ita Pud\u00fa en el medio del bosque y a tan solo 300mts de la playa.<\/span><\/p>\n\n\n\n<p class=\"has-medium-font-size\">La caba\u00f1a es para dos huespedes pero un tercero se puede acomodar en el living.<\/p>\n\n\n\n<p class=\"has-medium-font-size\">Ademas de estar rodeado por bosque, podras disfrutar de las tardes de mate en el deck o hacer un asado.<\/p>\n\n\n\n<figure class=\"wp-block-image size-large is-resized\"><img loading=\"lazy\" src=\"https:\/\/viajandoconzu.com\/wp-content\/uploads\/2025\/09\/WhatsApp-Image-2025-09-03-at-17.58.05-1024x768.jpeg\" alt=\"\" class=\"wp-image-608\" width=\"667\" height=\"500\" srcset=\"https:\/\/viajandoconzu.com\/wp-content\/uploads\/2025\/09\/WhatsApp-Image-2025-09-03-at-17.58.05-1024x768.jpeg 1024w, https:\/\/viajandoconzu.com\/wp-content\/uploads\/2025\/09\/WhatsApp-Image-2025-09-03-at-17.58.05-300x225.jpeg 300w, https:\/\/viajandoconzu.com\/wp-content\/uploads\/2025\/09\/WhatsApp-Image-2025-09-03-at-17.58.05-768x576.jpeg 768w, https:\/\/viajandoconzu.com\/wp-content\/uploads\/2025\/09\/WhatsApp-Image-2025-09-03-at-17.58.05-750x563.jpeg 750w, https:\/\/viajandoconzu.com\/wp-content\/uploads\/2025\/09\/WhatsApp-Image-2025-09-03-at-17.58.05.jpeg 1280w\" sizes=\"(max-width: 667px) 100vw, 667px\" \/><\/figure>\n\n\n\n<p class=\"has-medium-font-size\"><strong>La caba\u00f1a tiene:<\/strong><\/p>\n\n\n\n<p class=\"has-medium-font-size\">\u2b50 Habitaci\u00f3n con cama doble que se puede convertir en dos camas individuales (ideal si viajas con amigos).<br>\u2b50 Ba\u00f1o con ducha, shampoo, jab\u00f3n, secador de pelo y papel higi\u00e9nico.<br>\u2b50 Cocina con anafe a gas, horno el\u00e9ctrico, pava, tostador, freidora de aire, cafetera Nespresso y heladera.<br>\u2b50 Vajilla completa: copas, vasos, ollas, sart\u00e9n, tazas y todo lo que necesites durante tu estad\u00eda.<br>\u2b50 Smart TV con acceso gratuito a Disney, Netflix, Max y DGO.<br>\u2b50 Wifi de alta velocidad.<br>\u2b50 T\u00e9, yerba para mate y c\u00e1psula de caf\u00e9 de bienvenida.<br>\u2b50 Supermercado a 500 mts y parada de colectivo hacia el centro o el puerto a 500 mts.<br>\u2b50 Incluye s\u00e1banas y toallas.<br>\u2b50 Para los d\u00edas de fr\u00edo, salamandra para calentar el ambiente.<\/p>\n\n\n\n<figure class=\"wp-block-image size-large is-resized\"><img loading=\"lazy\" src=\"https:\/\/viajandoconzu.com\/wp-content\/uploads\/2025\/09\/Gemini_Generated_Image_at9afiat9afiat9a-747x1024.png\" alt=\"\" class=\"wp-image-610\" width=\"562\" height=\"770\" srcset=\"https:\/\/viajandoconzu.com\/wp-content\/uploads\/2025\/09\/Gemini_Generated_Image_at9afiat9afiat9a-747x1024.png 747w, https:\/\/viajandoconzu.com\/wp-content\/uploads\/2025\/09\/Gemini_Generated_Image_at9afiat9afiat9a-219x300.png 219w, https:\/\/viajandoconzu.com\/wp-content\/uploads\/2025\/09\/Gemini_Generated_Image_at9afiat9afiat9a-768x1052.png 768w, https:\/\/viajandoconzu.com\/wp-content\/uploads\/2025\/09\/Gemini_Generated_Image_at9afiat9afiat9a-750x1028.png 750w, https:\/\/viajandoconzu.com\/wp-content\/uploads\/2025\/09\/Gemini_Generated_Image_at9afiat9afiat9a.png 864w\" sizes=\"(max-width: 562px) 100vw, 562px\" \/><figcaption>La habitacion se puede transformar con dos camas individuales o una doble<\/figcaption><\/figure>\n\n\n\n<figure class=\"wp-block-image size-large\"><img loading=\"lazy\" width=\"585\" height=\"1024\" src=\"https:\/\/viajandoconzu.com\/wp-content\/uploads\/2025\/09\/Gemini_Generated_Image_w4fhe7w4fhe7w4fh-585x1024.png\" alt=\"\" class=\"wp-image-611\" srcset=\"https:\/\/viajandoconzu.com\/wp-content\/uploads\/2025\/09\/Gemini_Generated_Image_w4fhe7w4fhe7w4fh-585x1024.png 585w, https:\/\/viajandoconzu.com\/wp-content\/uploads\/2025\/09\/Gemini_Generated_Image_w4fhe7w4fhe7w4fh-171x300.png 171w, https:\/\/viajandoconzu.com\/wp-content\/uploads\/2025\/09\/Gemini_Generated_Image_w4fhe7w4fhe7w4fh-750x1313.png 750w, https:\/\/viajandoconzu.com\/wp-content\/uploads\/2025\/09\/Gemini_Generated_Image_w4fhe7w4fhe7w4fh.png 768w\" sizes=\"(max-width: 585px) 100vw, 585px\" \/><figcaption>Living comedor, y si hay una 3era persona se puede acomodar en el sofa cama<\/figcaption><\/figure>\n\n\n\n<figure class=\"wp-block-image size-large\"><img loading=\"lazy\" width=\"576\" height=\"768\" src=\"https:\/\/viajandoconzu.com\/wp-content\/uploads\/2025\/09\/Bano.jpg\" alt=\"\" class=\"wp-image-612\" srcset=\"https:\/\/viajandoconzu.com\/wp-content\/uploads\/2025\/09\/Bano.jpg 576w, https:\/\/viajandoconzu.com\/wp-content\/uploads\/2025\/09\/Bano-225x300.jpg 225w\" sizes=\"(max-width: 576px) 100vw, 576px\" \/><figcaption>Bano con ducha, seca toallas, incluye Jabon y Shampoo<\/figcaption><\/figure>\n\n\n\n<p class=\"has-medium-font-size\">Que esperas para estara aca, tenemos promociones para el verano 2026.<\/p>\n\n\n<p class=\"fonts-plugin-block wp-block-olympus-google-fonts-google-fonts\" style=\"font-weight: normal; font-size: 20px;\">Escribenos a nustro whatsapp +54 294 4621260<\/p>\n\n\n<p><span style=\"color: #000000;\">Zu<\/span><\/p>\n","protected":false},"excerpt":{"rendered":"<p>\u00bfViajas a Bariloche? Tenemos una opcion para vos, la caba\u00f1ita Pud\u00fa en el medio del bosque y a tan solo 300mts de la playa. La caba\u00f1a es para dos huespedes pero un tercero se puede acomodar en el living. Ademas de estar rodeado por bosque, podras disfrutar de las tardes de mate en el deck o hacer un asado. La caba\u00f1a tiene: \u2b50 Habitaci\u00f3n con cama doble que se puede convertir en dos camas individuales (ideal si viajas con amigos).\u2b50 Ba\u00f1o con ducha, shampoo, jab\u00f3n, secador de pelo y papel higi\u00e9nico.\u2b50 Cocina con anafe a gas, horno el\u00e9ctrico, pava, tostador, freidora de aire, cafetera Nespresso y heladera.\u2b50 Vajilla completa: copas, vasos, ollas, sart\u00e9n, tazas y todo lo que necesites durante tu estad\u00eda.\u2b50 Smart TV con acceso gratuito a Disney, Netflix, Max y DGO.\u2b50 Wifi de alta velocidad.\u2b50 T\u00e9, yerba para mate y c\u00e1psula de caf\u00e9 de bienvenida.\u2b50 Supermercado a 500 mts y parada de colectivo hacia el centro o el puerto a 500 mts.\u2b50 Incluye s\u00e1banas y toallas.\u2b50 Para los d\u00edas de fr\u00edo, salamandra para calentar el ambiente. Que esperas para estara aca, tenemos promociones para el verano 2026. Zu<\/p>\n","protected":false},"author":1,"featured_media":0,"parent":0,"menu_order":0,"comment_status":"closed","ping_status":"open","template":"page-fullwidth.php","meta":[],"_links":{"self":[{"href":"https:\/\/viajandoconzu.com\/index.php\/wp-json\/wp\/v2\/pages\/3"}],"collection":[{"href":"https:\/\/viajandoconzu.com\/index.php\/wp-json\/wp\/v2\/pages"}],"about":[{"href":"https:\/\/viajandoconzu.com\/index.php\/wp-json\/wp\/v2\/types\/page"}],"author":[{"embeddable":true,"href":"https:\/\/viajandoconzu.com\/index.php\/wp-json\/wp\/v2\/users\/1"}],"replies":[{"embeddable":true,"href":"https:\/\/viajandoconzu.com\/index.php\/wp-json\/wp\/v2\/comments?post=3"}],"version-history":[{"count":14,"href":"https:\/\/viajandoconzu.com\/index.php\/wp-json\/wp\/v2\/pages\/3\/revisions"}],"predecessor-version":[{"id":617,"href":"https:\/\/viajandoconzu.com\/index.php\/wp-json\/wp\/v2\/pages\/3\/revisions\/617"}],"wp:attachment":[{"href":"https:\/\/viajandoconzu.com\/index.php\/wp-json\/wp\/v2\/media?parent=3"}],"curies":[{"name":"wp","href":"https:\/\/api.w.org\/{rel}","templated":true}]}}